{"id":8319,"date":"2024-03-10T17:38:27","date_gmt":"2024-03-10T20:38:27","guid":{"rendered":"https:\/\/sabermidia.com.br\/motoboyrmn\/?page_id=8319"},"modified":"2024-03-10T18:25:20","modified_gmt":"2024-03-10T21:25:20","slug":"zona-norte","status":"publish","type":"page","link":"https:\/\/sabermidia.com.br\/motoboyrmn\/zona-norte\/","title":{"rendered":"MotoboyRMN &#8211; Zona Norte de SP"},"content":{"rendered":"\t\t<div data-elementor-type=\"wp-page\" data-elementor-id=\"8319\" class=\"elementor elementor-8319\" data-elementor-post-type=\"page\">\n\t\t\t\t\t\t<section data-particle_enable=\"false\" data-particle-mobile-disabled=\"false\" class=\"elementor-section elementor-top-section elementor-element elementor-element-555af642 elementor-section-content-middle elementor-section-boxed elementor-section-height-default elementor-section-height-default\" data-id=\"555af642\" data-element_type=\"section\" data-settings=\"{&quot;background_background&quot;:&quot;classic&quot;}\">\n\t\t\t\t\t\t\t<div class=\"elementor-background-overlay\"><\/div>\n\t\t\t\t\t\t\t<div class=\"elementor-container elementor-column-gap-no\">\n\t\t\t\t\t<div class=\"elementor-column elementor-col-100 elementor-top-column elementor-element elementor-element-7b317a92\" data-id=\"7b317a92\" data-element_type=\"column\">\n\t\t\t<div class=\"elementor-widget-wrap elementor-element-populated\">\n\t\t\t\t\t\t<div class=\"elementor-element elementor-element-227186a3 elementor-widget elementor-widget-heading\" data-id=\"227186a3\" data-element_type=\"widget\" data-widget_type=\"heading.default\">\n\t\t\t\t<div class=\"elementor-widget-container\">\n\t\t\t\t\t<h4 class=\"elementor-heading-title elementor-size-default\">Motoboy na Zona Norte de SP!<\/h4>\t\t\t\t<\/div>\n\t\t\t\t<\/div>\n\t\t\t\t<div class=\"elementor-element elementor-element-169587bd elementor-widget elementor-widget-text-editor\" data-id=\"169587bd\" data-element_type=\"widget\" data-widget_type=\"text-editor.default\">\n\t\t\t\t<div class=\"elementor-widget-container\">\n\t\t\t\t\t\t\t\t\t<p>R\u00e1pido, confi\u00e1vel e eficiente: seu motoboy exclusivo na Zona Norte de S\u00e3o Paulo<\/p>\t\t\t\t\t\t\t\t<\/div>\n\t\t\t\t<\/div>\n\t\t\t\t<div class=\"elementor-element elementor-element-4746ad0e elementor-align-center elementor-widget elementor-widget-button\" data-id=\"4746ad0e\" data-element_type=\"widget\" data-widget_type=\"button.default\">\n\t\t\t\t<div class=\"elementor-widget-container\">\n\t\t\t\t\t\t\t\t\t<div class=\"elementor-button-wrapper\">\n\t\t\t\t\t<a class=\"elementor-button elementor-button-link elementor-size-sm elementor-animation-grow\" href=\"https:\/\/api.whatsapp.com\/send?phone=5511980852607&#038;text=Ol%C3%A1,%20preciso%20fazer%20uma%20*simula%C3%A7%C3%A3o*%20de%20entrega.\">\n\t\t\t\t\t\t<span class=\"elementor-button-content-wrapper\">\n\t\t\t\t\t\t\t\t\t<span class=\"elementor-button-text\">ENTRE EM CONTATO AGORA MESMO!<\/span>\n\t\t\t\t\t<\/span>\n\t\t\t\t\t<\/a>\n\t\t\t\t<\/div>\n\t\t\t\t\t\t\t\t<\/div>\n\t\t\t\t<\/div>\n\t\t\t\t\t<\/div>\n\t\t<\/div>\n\t\t\t\t\t<\/div>\n\t\t<\/section>\n\t\t\t\t<section data-particle_enable=\"false\" data-particle-mobile-disabled=\"false\" class=\"elementor-section elementor-top-section elementor-element elementor-element-f9a4727 elementor-section-boxed elementor-section-height-default elementor-section-height-default\" data-id=\"f9a4727\" data-element_type=\"section\">\n\t\t\t\t\t\t<div class=\"elementor-container elementor-column-gap-default\">\n\t\t\t\t\t<div class=\"elementor-column elementor-col-50 elementor-top-column elementor-element elementor-element-3857c15\" data-id=\"3857c15\" data-element_type=\"column\">\n\t\t\t<div class=\"elementor-widget-wrap elementor-element-populated\">\n\t\t\t\t\t\t<div class=\"elementor-element elementor-element-7f8332e elementor-widget elementor-widget-text-editor\" data-id=\"7f8332e\" data-element_type=\"widget\" data-widget_type=\"text-editor.default\">\n\t\t\t\t<div class=\"elementor-widget-container\">\n\t\t\t\t\t\t\t\t\t<p><strong>Desempenho e comprometimento<\/strong> s\u00e3o marcas registradas do nosso servi\u00e7o de motoboy na<strong> Zona Norte e Grande S\u00e3o Paulo!<\/strong><\/p><p>Nossa equipe domina cada rua e avenida, garantindo <strong>entregas r\u00e1pidas e seguras<\/strong> em todos os pontos da cidade.<\/p><p>Al\u00e9m disso, oferecemos solu\u00e7\u00f5es personalizadas para atender \u00e0s suas necessidades espec\u00edficas, seja com contratos fixos ou flex\u00edveis, proporcionando total controle sobre o tempo de utiliza\u00e7\u00e3o.<\/p><p>Confie na expertise e na efici\u00eancia da <strong>MotoboyRMN<\/strong> para suas entregas mais cruciais. Estamos aqui para superar suas expectativas e tornar sua experi\u00eancia de entrega verdadeiramente excepcional.<\/p>\t\t\t\t\t\t\t\t<\/div>\n\t\t\t\t<\/div>\n\t\t\t\t\t<\/div>\n\t\t<\/div>\n\t\t\t\t<div class=\"elementor-column elementor-col-50 elementor-top-column elementor-element elementor-element-2a5217c\" data-id=\"2a5217c\" data-element_type=\"column\">\n\t\t\t<div class=\"elementor-widget-wrap elementor-element-populated\">\n\t\t\t\t\t\t<div class=\"elementor-element elementor-element-4827a44 elementor-widget elementor-widget-image\" data-id=\"4827a44\" data-element_type=\"widget\" data-widget_type=\"image.default\">\n\t\t\t\t<div class=\"elementor-widget-container\">\n\t\t\t\t\t\t\t\t\t\t\t\t\t\t\t<img fetchpriority=\"high\" decoding=\"async\" width=\"800\" height=\"526\" src=\"https:\/\/sabermidia.com.br\/motoboyrmn\/wp-content\/uploads\/2024\/03\/principal-norte-bairros.jpg\" class=\"attachment-large size-large wp-image-8331\" alt=\"Bairros Zona Norte de S\u00e3o Paulo\" srcset=\"https:\/\/sabermidia.com.br\/motoboyrmn\/wp-content\/uploads\/2024\/03\/principal-norte-bairros.jpg 1216w, https:\/\/sabermidia.com.br\/motoboyrmn\/wp-content\/uploads\/2024\/03\/principal-norte-bairros-512x337.jpg 512w, https:\/\/sabermidia.com.br\/motoboyrmn\/wp-content\/uploads\/2024\/03\/principal-norte-bairros-150x99.jpg 150w, https:\/\/sabermidia.com.br\/motoboyrmn\/wp-content\/uploads\/2024\/03\/principal-norte-bairros-768x505.jpg 768w\" sizes=\"(max-width: 800px) 100vw, 800px\" \/>\t\t\t\t\t\t\t\t\t\t\t\t\t\t\t<\/div>\n\t\t\t\t<\/div>\n\t\t\t\t\t<\/div>\n\t\t<\/div>\n\t\t\t\t\t<\/div>\n\t\t<\/section>\n\t\t\t\t<\/div>\n\t\t","protected":false},"excerpt":{"rendered":"<p>Motoboy na Zona Norte de SP! R\u00e1pido, confi\u00e1vel e eficiente: seu motoboy exclusivo na Zona Norte de S\u00e3o Paulo ENTRE EM CONTATO AGORA MESMO! Desempenho e comprometimento s\u00e3o marcas registradas do nosso servi\u00e7o de motoboy na Zona Norte e Grande S\u00e3o Paulo! Nossa equipe domina cada rua e avenida, garantindo entregas r\u00e1pidas e seguras em [&hellip;]<\/p>\n","protected":false},"author":6,"featured_media":0,"parent":0,"menu_order":0,"comment_status":"closed","ping_status":"closed","template":"elementor_header_footer","meta":{"_joinchat":[],"footnotes":""},"class_list":["post-8319","page","type-page","status-publish","hentry"],"_links":{"self":[{"href":"https:\/\/sabermidia.com.br\/motoboyrmn\/wp-json\/wp\/v2\/pages\/8319","targetHints":{"allow":["GET"]}}],"collection":[{"href":"https:\/\/sabermidia.com.br\/motoboyrmn\/wp-json\/wp\/v2\/pages"}],"about":[{"href":"https:\/\/sabermidia.com.br\/motoboyrmn\/wp-json\/wp\/v2\/types\/page"}],"author":[{"embeddable":true,"href":"https:\/\/sabermidia.com.br\/motoboyrmn\/wp-json\/wp\/v2\/users\/6"}],"replies":[{"embeddable":true,"href":"https:\/\/sabermidia.com.br\/motoboyrmn\/wp-json\/wp\/v2\/comments?post=8319"}],"version-history":[{"count":0,"href":"https:\/\/sabermidia.com.br\/motoboyrmn\/wp-json\/wp\/v2\/pages\/8319\/revisions"}],"wp:attachment":[{"href":"https:\/\/sabermidia.com.br\/motoboyrmn\/wp-json\/wp\/v2\/media?parent=8319"}],"curies":[{"name":"wp","href":"https:\/\/api.w.org\/{rel}","templated":true}]}}