{"id":280,"date":"2022-02-25T14:08:57","date_gmt":"2022-02-25T17:08:57","guid":{"rendered":"https:\/\/sabermidia.com.br\/motoboyrmn\/?page_id=280"},"modified":"2022-10-10T16:55:21","modified_gmt":"2022-10-10T19:55:21","slug":"termos","status":"publish","type":"page","link":"https:\/\/sabermidia.com.br\/motoboyrmn\/termos\/","title":{"rendered":"Termos"},"content":{"rendered":"\t\t<div data-elementor-type=\"wp-page\" data-elementor-id=\"280\" class=\"elementor elementor-280\" data-elementor-post-type=\"page\">\n\t\t\t\t\t\t<section data-particle_enable=\"false\" data-particle-mobile-disabled=\"false\" class=\"elementor-section elementor-top-section elementor-element elementor-element-e17b681 elementor-section-boxed elementor-section-height-default elementor-section-height-default\" data-id=\"e17b681\" data-element_type=\"section\">\n\t\t\t\t\t\t<div class=\"elementor-container elementor-column-gap-wide\">\n\t\t\t\t\t<div class=\"elementor-column elementor-col-100 elementor-top-column elementor-element elementor-element-e33556f\" data-id=\"e33556f\" data-element_type=\"column\">\n\t\t\t<div class=\"elementor-widget-wrap elementor-element-populated\">\n\t\t\t\t\t\t<div class=\"elementor-element elementor-element-1e5d0a7d elementor-widget elementor-widget-heading\" data-id=\"1e5d0a7d\" data-element_type=\"widget\" data-widget_type=\"heading.default\">\n\t\t\t\t<div class=\"elementor-widget-container\">\n\t\t\t\t\t<span class=\"elementor-heading-title elementor-size-default\">Termos de uso<\/span>\t\t\t\t<\/div>\n\t\t\t\t<\/div>\n\t\t\t\t<div class=\"elementor-element elementor-element-13c30f27 elementor-widget elementor-widget-text-editor\" data-id=\"13c30f27\" data-element_type=\"widget\" data-widget_type=\"text-editor.default\">\n\t\t\t\t<div class=\"elementor-widget-container\">\n\t\t\t\t\t\t\t\t\tPara a realiza\u00e7\u00e3o do cadastro e utiliza\u00e7\u00e3o das funcionalidades do nosso Site, Software ou aplicativo, \u00e9 obrigat\u00f3ria a leitura, compreens\u00e3o e Aceite do presente Termo de Uso em conjunto com\u00a0<a href=\"#\">Pol\u00edtica de Privacidade<\/a>\u00a0pelo Usu\u00e1rio.\n\nO ACEITE DO TERMO DE USO E DA POL\u00cdTICA DE PRIVACIDADE IR\u00c1 IMPLICAR O RECONHECIMENTO, PELO USU\u00c1RIO, DE QUE ELE LEU E ENTENDEU TODOS OS TERMOS CONSTANTES NESTES DOCUMENTOS. A partir do momento em que o Usu\u00e1rio Aceitar o Termo de Uso e a Pol\u00edtica de Privacidade, as disposi\u00e7\u00f5es neles constantes ser\u00e3o aplic\u00e1veis e ir\u00e3o regular plenamente a rela\u00e7\u00e3o entre nossa correspondente banc\u00e1ria e o Usu\u00e1rio. Dessa forma, \u00e9 recomend\u00e1vel eventual impress\u00e3o de uma c\u00f3pia dos mesmos para futura refer\u00eancia.\n\nSer\u00e1 dever do Usu\u00e1rio manter-se atento a poss\u00edveis atualiza\u00e7\u00f5es do Termo de Uso e da Pol\u00edtica de Privacidade, que podem ocorrer a qualquer tempo.\t\t\t\t\t\t\t\t<\/div>\n\t\t\t\t<\/div>\n\t\t\t\t<div class=\"elementor-element elementor-element-dde75b elementor-widget elementor-widget-heading\" data-id=\"dde75b\" data-element_type=\"widget\" data-widget_type=\"heading.default\">\n\t\t\t\t<div class=\"elementor-widget-container\">\n\t\t\t\t\t<span class=\"elementor-heading-title elementor-size-default\">Da Utiliza\u00e7\u00e3o<\/span>\t\t\t\t<\/div>\n\t\t\t\t<\/div>\n\t\t\t\t<div class=\"elementor-element elementor-element-ef56f78 elementor-widget elementor-widget-text-editor\" data-id=\"ef56f78\" data-element_type=\"widget\" data-widget_type=\"text-editor.default\">\n\t\t\t\t<div class=\"elementor-widget-container\">\n\t\t\t\t\t\t\t\t\tEste Termo de Uso concede ao Usu\u00e1rio uma licen\u00e7a pessoal, mundial, revog\u00e1vel, n\u00e3o exclusiva e intransfer\u00edvel de uso do nosso Site, Software ou Aplicativo, sem cobran\u00e7a de royalties, sendo certo que o Usu\u00e1rio n\u00e3o poder\u00e1 utilizar e nem permitir que terceiros utilizem o Site, Software ou Aplicativo para qualquer outra finalidade n\u00e3o expressamente prevista neste Termo de Uso. Dessa forma, n\u00e3o ser\u00e1 permitido ao Usu\u00e1rio, sem qualquer limita\u00e7\u00e3o, copiar, modificar, distribuir, vender ou alugar os servi\u00e7os disponibilizados.\n\nPara poder usar nossos servi\u00e7os, o Usu\u00e1rio dever\u00e1 previamente realizar o seu cadastro ou simula\u00e7\u00e3o no Site e\/ou no Aplicativo, atos nos quais o Usu\u00e1rio fornecer\u00e1 seus Dados Pessoais: nome, telefone, e-mail, endere\u00e7o, copia de documentos, etc.\n\nO Usu\u00e1rio ser\u00e1 respons\u00e1vel pela veracidade, validade e precis\u00e3o dos Dados Pessoais ou Dados de Conta por ele fornecidos no seu cadastro, inclusive em rela\u00e7\u00e3o \u00e0 indica\u00e7\u00e3o de endere\u00e7o de e-mail v\u00e1lido de sua titularidade, competindo-lhe, ainda, manter referido cadastro sempre atualizado. Como correspondente banc\u00e1rio n\u00e3o temos qualquer obriga\u00e7\u00e3o de policiar ou fiscalizar os Dados Pessoais ou Dados de Conta fornecidos pelos Usu\u00e1rios, mas poderemos, ao nosso exclusivo crit\u00e9rio, excluir as informa\u00e7\u00f5es que nos pare\u00e7am inver\u00eddicas ou ofensivas.\n\nO Usu\u00e1rio est\u00e1 plenamente ciente e concorda que, ao fornecer os seus Dados Pessoais e os seus Dados de Conta \u00e0 nossa correspondente banc\u00e1ria, nos autoriza a usar o Sites, Softwares ou aplicativos para buscar Dados Financeiros Pessoais junto a cada institui\u00e7\u00e3o financeira e sistemas de gest\u00e3o de cr\u00e9dito e recursos humanos informados pelo Usu\u00e1rio, sempre de maneira automatizada.\t\t\t\t\t\t\t\t<\/div>\n\t\t\t\t<\/div>\n\t\t\t\t<div class=\"elementor-element elementor-element-d0357c0 elementor-widget elementor-widget-heading\" data-id=\"d0357c0\" data-element_type=\"widget\" data-widget_type=\"heading.default\">\n\t\t\t\t<div class=\"elementor-widget-container\">\n\t\t\t\t\t<span class=\"elementor-heading-title elementor-size-default\">Informa\u00e7\u00f5es Confidenciais e Pol\u00edtica de Privacidade<\/span>\t\t\t\t<\/div>\n\t\t\t\t<\/div>\n\t\t\t\t<div class=\"elementor-element elementor-element-58ecf218 elementor-widget elementor-widget-text-editor\" data-id=\"58ecf218\" data-element_type=\"widget\" data-widget_type=\"text-editor.default\">\n\t\t\t\t<div class=\"elementor-widget-container\">\n\t\t\t\t\t\t\t\t\tAo cadastrar-se em nosso site o Usu\u00e1rio concorda com a Pol\u00edtica de Privacidade. O Aceite da Pol\u00edtica de Privacidade ir\u00e1 nos autorizar a usar os dados do Usu\u00e1rio.\t\t\t\t\t\t\t\t<\/div>\n\t\t\t\t<\/div>\n\t\t\t\t<div class=\"elementor-element elementor-element-1702dd68 elementor-widget elementor-widget-heading\" data-id=\"1702dd68\" data-element_type=\"widget\" data-widget_type=\"heading.default\">\n\t\t\t\t<div class=\"elementor-widget-container\">\n\t\t\t\t\t<span class=\"elementor-heading-title elementor-size-default\">Indeniza\u00e7\u00e3o<\/span>\t\t\t\t<\/div>\n\t\t\t\t<\/div>\n\t\t\t\t<div class=\"elementor-element elementor-element-527342ed elementor-widget elementor-widget-text-editor\" data-id=\"527342ed\" data-element_type=\"widget\" data-widget_type=\"text-editor.default\">\n\t\t\t\t<div class=\"elementor-widget-container\">\n\t\t\t\t\t\t\t\t\tO Usu\u00e1rio concorda em defender, indenizar e manter indene da nossa correspondente banc\u00e1rio e suas afiliadas, diretores, empregados e agentes, de e contra quaisquer encargos, a\u00e7\u00f5es ou demandas, incluindo, mas n\u00e3o limitado a honor\u00e1rios advocat\u00edcios razo\u00e1veis, resultantes: (i) da sua eventual utiliza\u00e7\u00e3o indevida do Site, do Aplicativo, do Software e\/ou do seu Conte\u00fado; ou (ii) da viola\u00e7\u00e3o das condi\u00e7\u00f5es ora pactuadas.\n\nEm nenhum caso seremos respons\u00e1veis por danos pessoais ou qualquer preju\u00edzo incidental, indireto ou consequente, lucros cessantes, incluindo, sem limita\u00e7\u00e3o, preju\u00edzos por perda de lucro, corrup\u00e7\u00e3o ou perda de dados, falha de transmiss\u00e3o ou recep\u00e7\u00e3o de dados, n\u00e3o continuidade do neg\u00f3cio ou qualquer outro preju\u00edzo ou perda comercial incorridos pelos Usu\u00e1rios ou por terceiros, decorrentes ou relacionados ao uso ou sua inabilidade em usar no Site, Software e aplicativo.\t\t\t\t\t\t\t\t<\/div>\n\t\t\t\t<\/div>\n\t\t\t\t<div class=\"elementor-element elementor-element-523c9129 elementor-widget elementor-widget-heading\" data-id=\"523c9129\" data-element_type=\"widget\" data-widget_type=\"heading.default\">\n\t\t\t\t<div class=\"elementor-widget-container\">\n\t\t\t\t\t<span class=\"elementor-heading-title elementor-size-default\">Vig\u00eancia e Rescis\u00e3o<\/span>\t\t\t\t<\/div>\n\t\t\t\t<\/div>\n\t\t\t\t<div class=\"elementor-element elementor-element-5440fa11 elementor-widget elementor-widget-text-editor\" data-id=\"5440fa11\" data-element_type=\"widget\" data-widget_type=\"text-editor.default\">\n\t\t\t\t<div class=\"elementor-widget-container\">\n\t\t\t\t\t\t\t\t\tO Termo de Uso e a Pol\u00edtica de Privacidade viger\u00e3o por prazo indeterminado, a partir do Aceite do Usu\u00e1rio, podendo ser modificados ou rescindidos unilateralmente por nossa correspondente bancaria a qualquer tempo, sem qualquer \u00f4nus, mediante simples comunica\u00e7\u00e3o por meio do pr\u00f3prio Site\/Aplicativo ou de mensagem para o e-mail indicado no cadastro pessoal do Usu\u00e1rio.\t\t\t\t\t\t\t\t<\/div>\n\t\t\t\t<\/div>\n\t\t\t\t<div class=\"elementor-element elementor-element-537d8e57 elementor-widget elementor-widget-heading\" data-id=\"537d8e57\" data-element_type=\"widget\" data-widget_type=\"heading.default\">\n\t\t\t\t<div class=\"elementor-widget-container\">\n\t\t\t\t\t<span class=\"elementor-heading-title elementor-size-default\">Site e App<\/span>\t\t\t\t<\/div>\n\t\t\t\t<\/div>\n\t\t\t\t<div class=\"elementor-element elementor-element-3c4f80f7 elementor-widget elementor-widget-text-editor\" data-id=\"3c4f80f7\" data-element_type=\"widget\" data-widget_type=\"text-editor.default\">\n\t\t\t\t<div class=\"elementor-widget-container\">\n\t\t\t\t\t\t\t\t\t\u00c9 um sistema criado e desenvolvido para intera\u00e7\u00e3o entre os usu\u00e1rios. Para realizar seu cadastro e assim desfrutar de todas as funcionalidades dos nossos servi\u00e7os, voc\u00ea dever\u00e1 fornecer determinadas informa\u00e7\u00f5es como nome, endere\u00e7o, telefone de contato, e-mail, RG, CPF e outros dados necess\u00e1rios para sua identifica\u00e7\u00e3o pessoal. Utilizamos uma tecnologia moderna de prote\u00e7\u00e3o destas informa\u00e7\u00f5es, garantindo assim seguran\u00e7a de todos os seus dados cadastrais.\t\t\t\t\t\t\t\t<\/div>\n\t\t\t\t<\/div>\n\t\t\t\t<div class=\"elementor-element elementor-element-4a3a3219 elementor-widget elementor-widget-heading\" data-id=\"4a3a3219\" data-element_type=\"widget\" data-widget_type=\"heading.default\">\n\t\t\t\t<div class=\"elementor-widget-container\">\n\t\t\t\t\t<span class=\"elementor-heading-title elementor-size-default\">Modifica\u00e7\u00f5es<\/span>\t\t\t\t<\/div>\n\t\t\t\t<\/div>\n\t\t\t\t<div class=\"elementor-element elementor-element-1f03e6b1 elementor-widget elementor-widget-text-editor\" data-id=\"1f03e6b1\" data-element_type=\"widget\" data-widget_type=\"text-editor.default\">\n\t\t\t\t<div class=\"elementor-widget-container\">\n\t\t\t\t\t\t\t\t\tPoderemos a qualquer tempo, alterar este Termo de Uso ou a Pol\u00edtica de Privacidade, ao nosso exclusivo crit\u00e9rio. Quaisquer altera\u00e7\u00f5es nestes Termos de Uso e na Pol\u00edtica de Privacidade ser\u00e3o informadas por meio do Site e\/ou do Aplicativo. Caso o Usu\u00e1rio continue utilizando os servi\u00e7os disponibilizados pelo Site e\/ou pelo Aplicativo, consideraremos que o usu\u00e1rio concorda com as altera\u00e7\u00f5es.\n\nO Usu\u00e1rio entende e concorda que, assim que publicada a altera\u00e7\u00e3o deste Termo de Uso\/Pol\u00edtica de Privacidade no Site ou no Aplicativo, o uso do Site e do Aplicativo sujeitar-se-\u00e1 ao Termo de Uso\/Pol\u00edtica de Privacidade atualizados.\t\t\t\t\t\t\t\t<\/div>\n\t\t\t\t<\/div>\n\t\t\t\t<div class=\"elementor-element elementor-element-50659926 elementor-widget elementor-widget-heading\" data-id=\"50659926\" data-element_type=\"widget\" data-widget_type=\"heading.default\">\n\t\t\t\t<div class=\"elementor-widget-container\">\n\t\t\t\t\t<span class=\"elementor-heading-title elementor-size-default\">Disposi\u00e7\u00f5es Gerais<\/span>\t\t\t\t<\/div>\n\t\t\t\t<\/div>\n\t\t\t\t<div class=\"elementor-element elementor-element-169b915d elementor-widget elementor-widget-text-editor\" data-id=\"169b915d\" data-element_type=\"widget\" data-widget_type=\"text-editor.default\">\n\t\t\t\t<div class=\"elementor-widget-container\">\n\t\t\t\t\t\t\t\t\tEste Termo de Uso n\u00e3o gera nenhum v\u00ednculo de sociedade, franquia ou rela\u00e7\u00e3o de trabalho entre nossa correspondente banc\u00e1ria e o Usu\u00e1rio, seus parceiros e\/ou anunciantes.\n\nCaso qualquer disposi\u00e7\u00e3o deste Termo de Uso ou da Pol\u00edtica de Privacidade seja considerada ilegal, nula ou inexequ\u00edvel por qualquer raz\u00e3o, as disposi\u00e7\u00f5es restantes n\u00e3o ser\u00e3o afetadas e manter-se-\u00e3o v\u00e1lidas e aplic\u00e1veis na m\u00e1xima extens\u00e3o poss\u00edvel.\n\nO Termo de Uso e a Pol\u00edtica de Privacidade constituem a totalidade do acordo sobre as condi\u00e7\u00f5es de uso do Site, do Aplicativo e do Software. O Usu\u00e1rio declara ter ci\u00eancia dos direitos e obriga\u00e7\u00f5es decorrentes do presente Termo de Uso e a Pol\u00edtica de Privacidade, tendo lido, compreendido e aceito todos os termos e condi\u00e7\u00f5es.\n\nQualquer falha para impor ou exercer qualquer disposi\u00e7\u00e3o deste Termo de Uso, da Pol\u00edtica de Privacidade ou direitos conexos, n\u00e3o constitui uma ren\u00fancia a esse direito ou disposi\u00e7\u00e3o. \t\t\t\t\t\t\t\t<\/div>\n\t\t\t\t<\/div>\n\t\t\t\t\t<\/div>\n\t\t<\/div>\n\t\t\t\t\t<\/div>\n\t\t<\/section>\n\t\t\t\t<\/div>\n\t\t","protected":false},"excerpt":{"rendered":"<p>Termos de uso Para a realiza\u00e7\u00e3o do cadastro e utiliza\u00e7\u00e3o das funcionalidades do nosso Site, Software ou aplicativo, \u00e9 obrigat\u00f3ria a leitura, compreens\u00e3o e Aceite do presente Termo de Uso em conjunto com\u00a0Pol\u00edtica de Privacidade\u00a0pelo Usu\u00e1rio. O ACEITE DO TERMO DE USO E DA POL\u00cdTICA DE PRIVACIDADE IR\u00c1 IMPLICAR O RECONHECIMENTO, PELO USU\u00c1RIO, DE QUE [&hellip;]<\/p>\n","protected":false},"author":5,"featured_media":0,"parent":0,"menu_order":0,"comment_status":"closed","ping_status":"closed","template":"elementor_header_footer","meta":{"_joinchat":[],"footnotes":""},"class_list":["post-280","page","type-page","status-publish","hentry"],"_links":{"self":[{"href":"https:\/\/sabermidia.com.br\/motoboyrmn\/wp-json\/wp\/v2\/pages\/280","targetHints":{"allow":["GET"]}}],"collection":[{"href":"https:\/\/sabermidia.com.br\/motoboyrmn\/wp-json\/wp\/v2\/pages"}],"about":[{"href":"https:\/\/sabermidia.com.br\/motoboyrmn\/wp-json\/wp\/v2\/types\/page"}],"author":[{"embeddable":true,"href":"https:\/\/sabermidia.com.br\/motoboyrmn\/wp-json\/wp\/v2\/users\/5"}],"replies":[{"embeddable":true,"href":"https:\/\/sabermidia.com.br\/motoboyrmn\/wp-json\/wp\/v2\/comments?post=280"}],"version-history":[{"count":0,"href":"https:\/\/sabermidia.com.br\/motoboyrmn\/wp-json\/wp\/v2\/pages\/280\/revisions"}],"wp:attachment":[{"href":"https:\/\/sabermidia.com.br\/motoboyrmn\/wp-json\/wp\/v2\/media?parent=280"}],"curies":[{"name":"wp","href":"https:\/\/api.w.org\/{rel}","templated":true}]}}